{"id":7201,"date":"2024-07-28T14:35:59","date_gmt":"2024-07-28T12:35:59","guid":{"rendered":"https:\/\/www.faletech.net\/?page_id=7201"},"modified":"2024-07-28T14:41:42","modified_gmt":"2024-07-28T12:41:42","slug":"demande-devis","status":"publish","type":"page","link":"https:\/\/www.faletech.net\/?page_id=7201","title":{"rendered":"Demande devis"},"content":{"rendered":"\t\t<div data-elementor-type=\"wp-page\" data-elementor-id=\"7201\" class=\"elementor elementor-7201\">\n\t\t\t\t<div class=\"elementor-element elementor-element-72e84a6b e-con-full e-flex e-con e-parent\" data-id=\"72e84a6b\" data-element_type=\"container\" data-e-type=\"container\" data-settings=\"{&quot;background_background&quot;:&quot;classic&quot;}\">\n\t\t\t\t<div class=\"elementor-element elementor-element-79af8c71 elementor-widget elementor-widget-webtecksectiontitle\" data-id=\"79af8c71\" data-element_type=\"widget\" data-e-type=\"widget\" data-widget_type=\"webtecksectiontitle.default\">\n\t\t\t\t<div class=\"elementor-widget-container\">\n\t\t\t\t\t<div class=\"title-area\" ><span class=\"sub-title  subtitle-selector\"><div class=\"icon-masking me-2\"><img decoding=\"async\" src=\"https:\/\/www.faletech.net\/wp-content\/plugins\/webteck-core\/assets\/img\/title_shape_4.svg\" alt=\"Shape\"><\/div>CONTACTEZ-NOUS<\/span><h2 class=\" sec-title   title-selector\">Pour vos besoins de devis sur un projet <\/h2><\/div>\t\t\t\t<\/div>\n\t\t\t\t<\/div>\n\t\t\t\t<div class=\"elementor-element elementor-element-242216e1 elementor-widget elementor-widget-webteckcontactform\" data-id=\"242216e1\" data-element_type=\"widget\" data-e-type=\"widget\" data-widget_type=\"webteckcontactform.default\">\n\t\t\t\t<div class=\"elementor-widget-container\">\n\t\t\t\t\t<div class=\"row gy-4 justify-content-center\"><div class=\"col-xl-9\"><div class=\"contact-form2 ajax-contact\">\n<div class=\"wpcf7 no-js\" id=\"wpcf7-f5409-o1\" lang=\"en-US\" dir=\"ltr\" data-wpcf7-id=\"5409\">\n<div class=\"screen-reader-response\"><p role=\"status\" aria-live=\"polite\" aria-atomic=\"true\"><\/p> <ul><\/ul><\/div>\n<form action=\"\/index.php?rest_route=%2Fwp%2Fv2%2Fpages%2F7201#wpcf7-f5409-o1\" method=\"post\" class=\"wpcf7-form init\" aria-label=\"Contact form\" novalidate=\"novalidate\" data-status=\"init\">\n<fieldset class=\"hidden-fields-container\"><input type=\"hidden\" name=\"_wpcf7\" value=\"5409\" \/><input type=\"hidden\" name=\"_wpcf7_version\" value=\"6.1.5\" \/><input type=\"hidden\" name=\"_wpcf7_locale\" value=\"en_US\" \/><input type=\"hidden\" name=\"_wpcf7_unit_tag\" value=\"wpcf7-f5409-o1\" \/><input type=\"hidden\" name=\"_wpcf7_container_post\" value=\"0\" \/><input type=\"hidden\" name=\"_wpcf7_posted_data_hash\" value=\"\" \/>\n<\/fieldset>\n<div class=\"row\">\n    <div class=\"col-lg-6\">\n        <div class=\"form-group\">\n<span class=\"wpcf7-form-control-wrap\" data-name=\"text-821\"><input size=\"40\" maxlength=\"400\" class=\"wpcf7-form-control wpcf7-text wpcf7-validates-as-required form-control\" aria-required=\"true\" aria-invalid=\"false\" placeholder=\"Votre nom\" value=\"\" type=\"text\" name=\"text-821\" \/><\/span> <i class=\"fa-solid fa-user\"><\/i>\n        <\/div>\n        <div class=\"form-group\">\n<span class=\"wpcf7-form-control-wrap\" data-name=\"your-email2\"><input size=\"40\" maxlength=\"400\" class=\"wpcf7-form-control wpcf7-email wpcf7-validates-as-required wpcf7-text wpcf7-validates-as-email form-control\" aria-required=\"true\" aria-invalid=\"false\" placeholder=\"Votre Adresse Mail\" value=\"\" type=\"email\" name=\"your-email2\" \/><\/span> <i class=\"fa-sharp fa-solid fa-envelope\"><\/i>\n        <\/div>\n <div class=\"form-group\">\n<span class=\"wpcf7-form-control-wrap\" data-name=\"Votrenumrodetlphone\"><input size=\"40\" maxlength=\"400\" class=\"wpcf7-form-control wpcf7-tel wpcf7-validates-as-required wpcf7-text wpcf7-validates-as-tel\" aria-required=\"true\" aria-invalid=\"false\" placeholder=\"Votre Num\u00e9ro de T\u00e9l\u00e9phone\" value=\"\" type=\"tel\" name=\"Votrenumrodetlphone\" \/><\/span><i class=\"fa-solid fa-phone\"><\/i>\n        <\/div>\n        <div class=\"col-12 form-group\">\n<span class=\"wpcf7-form-control-wrap\" data-name=\"Listedeschoixdeprestations\"><select class=\"wpcf7-form-control wpcf7-select wpcf7-validates-as-required\" aria-required=\"true\" aria-invalid=\"false\" multiple=\"multiple\" name=\"Listedeschoixdeprestations[]\"><option value=\"D\u00e9veloppement web (Back\/front)\">D\u00e9veloppement web (Back\/front)<\/option><option value=\"D\u00e9veloppement mobile\">D\u00e9veloppement mobile<\/option><option value=\"Integration (API\/CRM)\">Integration (API\/CRM)<\/option><option value=\"Communication Digitale\">Communication Digitale<\/option><option value=\"Graphic Design\">Graphic Design<\/option><option value=\"Infogerance\">Infogerance<\/option><option value=\"R\u00e9seaux informatique\">R\u00e9seaux informatique<\/option><\/select><\/span>\n<input type=\"checkbox\" id=\"html\">\n<label for=\"html\">J'accepte les conditions d'utilisation et la politique de confidentialit\u00e9<\/label>\n        <\/div>\n    <\/div>\n    <div class=\"col-lg-6\">\n        <div class=\"form-group\">\n<span class=\"wpcf7-form-control-wrap\" data-name=\"textarea-713\"><textarea cols=\"40\" rows=\"10\" maxlength=\"2000\" class=\"wpcf7-form-control wpcf7-textarea form-control\" aria-invalid=\"false\" placeholder=\"Dites nous vos besoins\" name=\"textarea-713\"><\/textarea><\/span><i class=\"fa-solid fa-pen\"><\/i>\n        <\/div>\n<span class=\"wpcf7-form-control-wrap\" data-name=\"quiz-testrobot\"><label><span class=\"wpcf7-quiz-label\">C&#039;est quoi La capitale du Tchad ?<\/span> <input size=\"40\" class=\"wpcf7-form-control wpcf7-quiz\" autocomplete=\"off\" aria-required=\"true\" aria-invalid=\"false\" type=\"text\" name=\"quiz-testrobot\" \/><\/label><input type=\"hidden\" name=\"_wpcf7_quiz_answer_quiz-testrobot\" value=\"10690c8438bb08a7e6287fba76f81318\" \/><\/span>\n        <div class=\"form-btn\">\n            <button class=\"th-btn style-radius text-capitalize w-100 wpcf7\">Send Message<\/button>\n        <\/div>\n    <\/div>\n    <p class=\"form-messages mb-0 mt-3\"><\/p>\n<\/div><div class=\"wpcf7-response-output\" aria-hidden=\"true\"><\/div>\n<\/form>\n<\/div>\n<\/div><\/div><div class=\"col-xl-3\"><div class=\"contact-item-wrap\"><div class=\"contact-item\"><div class=\"contact-item_icon\"><i class=\"fa-solid fa-phone\"><\/i><\/div><div class=\"media-body\"><p class=\"contact-item_label\">Nous Appeler !<\/p><div><a href=\"tel:+2563254 2598\" class=\"contact-item_link\">(+235) 66429898<\/a><\/div><\/div><\/div><div class=\"contact-item\"><div class=\"contact-item_icon\"><i class=\"fas fa-location-dot\"><\/i><\/div><div class=\"media-body\"><p class=\"contact-item_label\">Localisation <\/p><div><span class=\"contact-item_text\"> Avenue Gougouni Weddei, en face de la station Tradex <\/span><\/div><\/div><\/div><div class=\"contact-item\"><div class=\"contact-item_icon\"><i class=\"fa-solid fa-envelope\"><\/i><\/div><div class=\"media-body\"><p class=\"contact-item_label\">Adresse mail:<\/p><div><a href=\"mailto:hello@faletech.net\" class=\"contact-item_link\">hello@faletech.net<\/a><\/div><\/div><\/div><\/div><\/div><\/div>\t\t\t\t<\/div>\n\t\t\t\t<\/div>\n\t\t\t\t<\/div>\n\t\t\t\t<\/div>\n\t\t","protected":false},"excerpt":{"rendered":"<p>CONTACTEZ-NOUS Pour vos besoins de devis sur un projet D\u00e9veloppement web (Back\/front)D\u00e9veloppement mobileIntegration (API\/CRM)Communication DigitaleGraphic DesignInfogeranceR\u00e9seaux informatique J&#8217;accepte les conditions d&#8217;utilisation et la politique de confidentialit\u00e9 C&#039;est quoi La capitale du Tchad ? Send Message Nous Appeler ! (+235) 66429898 Localisation Avenue Gougouni Weddei, en face de la station Tradex Adresse mail: hello@faletech.net<\/p>\n","protected":false},"author":1,"featured_media":0,"parent":0,"menu_order":0,"comment_status":"closed","ping_status":"closed","template":"","meta":{"footnotes":""},"class_list":["post-7201","page","type-page","status-publish","hentry"],"yoast_head":"<!-- This site is optimized with the Yoast SEO plugin v27.5 - https:\/\/yoast.com\/product\/yoast-seo-wordpress\/ -->\n<title>Demande devis - Fale Tech<\/title>\n<meta name=\"robots\" content=\"index, follow, max-snippet:-1, max-image-preview:large, max-video-preview:-1\" \/>\n<link rel=\"canonical\" href=\"https:\/\/www.faletech.net\/?page_id=7201\" \/>\n<meta property=\"og:locale\" content=\"fr_FR\" \/>\n<meta property=\"og:type\" content=\"article\" \/>\n<meta property=\"og:title\" content=\"Demande devis - Fale Tech\" \/>\n<meta property=\"og:description\" content=\"CONTACTEZ-NOUS Pour vos besoins de devis sur un projet D\u00e9veloppement web (Back\/front)D\u00e9veloppement mobileIntegration (API\/CRM)Communication DigitaleGraphic DesignInfogeranceR\u00e9seaux informatique J&#8217;accepte les conditions d&#8217;utilisation et la politique de confidentialit\u00e9 C&#039;est quoi La capitale du Tchad ? Send Message Nous Appeler ! (+235) 66429898 Localisation Avenue Gougouni Weddei, en face de la station Tradex Adresse mail: hello@faletech.net\" \/>\n<meta property=\"og:url\" content=\"https:\/\/www.faletech.net\/?page_id=7201\" \/>\n<meta property=\"og:site_name\" content=\"Fale Tech\" \/>\n<meta property=\"article:publisher\" content=\"https:\/\/www.facebook.com\/profile.php?id=100090341144068\" \/>\n<meta property=\"article:modified_time\" content=\"2024-07-28T12:41:42+00:00\" \/>\n<meta property=\"og:image\" content=\"https:\/\/www.faletech.net\/wp-content\/plugins\/webteck-core\/assets\/img\/title_shape_4.svg\" \/>\n<meta name=\"twitter:card\" content=\"summary_large_image\" \/>\n<meta name=\"twitter:label1\" content=\"Dur\u00e9e de lecture estim\u00e9e\" \/>\n\t<meta name=\"twitter:data1\" content=\"1 minute\" \/>\n<script type=\"application\/ld+json\" class=\"yoast-schema-graph\">{\"@context\":\"https:\\\/\\\/schema.org\",\"@graph\":[{\"@type\":\"WebPage\",\"@id\":\"https:\\\/\\\/www.faletech.net\\\/?page_id=7201\",\"url\":\"https:\\\/\\\/www.faletech.net\\\/?page_id=7201\",\"name\":\"Demande devis - Fale Tech\",\"isPartOf\":{\"@id\":\"https:\\\/\\\/www.faletech.net\\\/#website\"},\"primaryImageOfPage\":{\"@id\":\"https:\\\/\\\/www.faletech.net\\\/?page_id=7201#primaryimage\"},\"image\":{\"@id\":\"https:\\\/\\\/www.faletech.net\\\/?page_id=7201#primaryimage\"},\"thumbnailUrl\":\"https:\\\/\\\/www.faletech.net\\\/wp-content\\\/plugins\\\/webteck-core\\\/assets\\\/img\\\/title_shape_4.svg\",\"datePublished\":\"2024-07-28T12:35:59+00:00\",\"dateModified\":\"2024-07-28T12:41:42+00:00\",\"breadcrumb\":{\"@id\":\"https:\\\/\\\/www.faletech.net\\\/?page_id=7201#breadcrumb\"},\"inLanguage\":\"fr-FR\",\"potentialAction\":[{\"@type\":\"ReadAction\",\"target\":[\"https:\\\/\\\/www.faletech.net\\\/?page_id=7201\"]}]},{\"@type\":\"ImageObject\",\"inLanguage\":\"fr-FR\",\"@id\":\"https:\\\/\\\/www.faletech.net\\\/?page_id=7201#primaryimage\",\"url\":\"https:\\\/\\\/www.faletech.net\\\/wp-content\\\/plugins\\\/webteck-core\\\/assets\\\/img\\\/title_shape_4.svg\",\"contentUrl\":\"https:\\\/\\\/www.faletech.net\\\/wp-content\\\/plugins\\\/webteck-core\\\/assets\\\/img\\\/title_shape_4.svg\"},{\"@type\":\"BreadcrumbList\",\"@id\":\"https:\\\/\\\/www.faletech.net\\\/?page_id=7201#breadcrumb\",\"itemListElement\":[{\"@type\":\"ListItem\",\"position\":1,\"name\":\"Accueil\",\"item\":\"https:\\\/\\\/www.faletech.net\\\/\"},{\"@type\":\"ListItem\",\"position\":2,\"name\":\"Demande devis\"}]},{\"@type\":\"WebSite\",\"@id\":\"https:\\\/\\\/www.faletech.net\\\/#website\",\"url\":\"https:\\\/\\\/www.faletech.net\\\/\",\"name\":\"Fale Tech\",\"description\":\"Un clic sur la solution \",\"publisher\":{\"@id\":\"https:\\\/\\\/www.faletech.net\\\/#organization\"},\"potentialAction\":[{\"@type\":\"SearchAction\",\"target\":{\"@type\":\"EntryPoint\",\"urlTemplate\":\"https:\\\/\\\/www.faletech.net\\\/?s={search_term_string}\"},\"query-input\":{\"@type\":\"PropertyValueSpecification\",\"valueRequired\":true,\"valueName\":\"search_term_string\"}}],\"inLanguage\":\"fr-FR\"},{\"@type\":\"Organization\",\"@id\":\"https:\\\/\\\/www.faletech.net\\\/#organization\",\"name\":\"Fale Tech\",\"url\":\"https:\\\/\\\/www.faletech.net\\\/\",\"logo\":{\"@type\":\"ImageObject\",\"inLanguage\":\"fr-FR\",\"@id\":\"https:\\\/\\\/www.faletech.net\\\/#\\\/schema\\\/logo\\\/image\\\/\",\"url\":\"https:\\\/\\\/www.faletech.net\\\/wp-content\\\/uploads\\\/2024\\\/07\\\/Logo-fale-Tech--scaled-e1721586220118.jpg\",\"contentUrl\":\"https:\\\/\\\/www.faletech.net\\\/wp-content\\\/uploads\\\/2024\\\/07\\\/Logo-fale-Tech--scaled-e1721586220118.jpg\",\"width\":153,\"height\":42,\"caption\":\"Fale Tech\"},\"image\":{\"@id\":\"https:\\\/\\\/www.faletech.net\\\/#\\\/schema\\\/logo\\\/image\\\/\"},\"sameAs\":[\"https:\\\/\\\/www.facebook.com\\\/profile.php?id=100090341144068\"]}]}<\/script>\n<!-- \/ Yoast SEO plugin. -->","yoast_head_json":{"title":"Demande devis - Fale Tech","robots":{"index":"index","follow":"follow","max-snippet":"max-snippet:-1","max-image-preview":"max-image-preview:large","max-video-preview":"max-video-preview:-1"},"canonical":"https:\/\/www.faletech.net\/?page_id=7201","og_locale":"fr_FR","og_type":"article","og_title":"Demande devis - Fale Tech","og_description":"CONTACTEZ-NOUS Pour vos besoins de devis sur un projet D\u00e9veloppement web (Back\/front)D\u00e9veloppement mobileIntegration (API\/CRM)Communication DigitaleGraphic DesignInfogeranceR\u00e9seaux informatique J&#8217;accepte les conditions d&#8217;utilisation et la politique de confidentialit\u00e9 C&#039;est quoi La capitale du Tchad ? Send Message Nous Appeler ! (+235) 66429898 Localisation Avenue Gougouni Weddei, en face de la station Tradex Adresse mail: hello@faletech.net","og_url":"https:\/\/www.faletech.net\/?page_id=7201","og_site_name":"Fale Tech","article_publisher":"https:\/\/www.facebook.com\/profile.php?id=100090341144068","article_modified_time":"2024-07-28T12:41:42+00:00","og_image":[{"url":"https:\/\/www.faletech.net\/wp-content\/plugins\/webteck-core\/assets\/img\/title_shape_4.svg","type":"","width":"","height":""}],"twitter_card":"summary_large_image","twitter_misc":{"Dur\u00e9e de lecture estim\u00e9e":"1 minute"},"schema":{"@context":"https:\/\/schema.org","@graph":[{"@type":"WebPage","@id":"https:\/\/www.faletech.net\/?page_id=7201","url":"https:\/\/www.faletech.net\/?page_id=7201","name":"Demande devis - Fale Tech","isPartOf":{"@id":"https:\/\/www.faletech.net\/#website"},"primaryImageOfPage":{"@id":"https:\/\/www.faletech.net\/?page_id=7201#primaryimage"},"image":{"@id":"https:\/\/www.faletech.net\/?page_id=7201#primaryimage"},"thumbnailUrl":"https:\/\/www.faletech.net\/wp-content\/plugins\/webteck-core\/assets\/img\/title_shape_4.svg","datePublished":"2024-07-28T12:35:59+00:00","dateModified":"2024-07-28T12:41:42+00:00","breadcrumb":{"@id":"https:\/\/www.faletech.net\/?page_id=7201#breadcrumb"},"inLanguage":"fr-FR","potentialAction":[{"@type":"ReadAction","target":["https:\/\/www.faletech.net\/?page_id=7201"]}]},{"@type":"ImageObject","inLanguage":"fr-FR","@id":"https:\/\/www.faletech.net\/?page_id=7201#primaryimage","url":"https:\/\/www.faletech.net\/wp-content\/plugins\/webteck-core\/assets\/img\/title_shape_4.svg","contentUrl":"https:\/\/www.faletech.net\/wp-content\/plugins\/webteck-core\/assets\/img\/title_shape_4.svg"},{"@type":"BreadcrumbList","@id":"https:\/\/www.faletech.net\/?page_id=7201#breadcrumb","itemListElement":[{"@type":"ListItem","position":1,"name":"Accueil","item":"https:\/\/www.faletech.net\/"},{"@type":"ListItem","position":2,"name":"Demande devis"}]},{"@type":"WebSite","@id":"https:\/\/www.faletech.net\/#website","url":"https:\/\/www.faletech.net\/","name":"Fale Tech","description":"Un clic sur la solution ","publisher":{"@id":"https:\/\/www.faletech.net\/#organization"},"potentialAction":[{"@type":"SearchAction","target":{"@type":"EntryPoint","urlTemplate":"https:\/\/www.faletech.net\/?s={search_term_string}"},"query-input":{"@type":"PropertyValueSpecification","valueRequired":true,"valueName":"search_term_string"}}],"inLanguage":"fr-FR"},{"@type":"Organization","@id":"https:\/\/www.faletech.net\/#organization","name":"Fale Tech","url":"https:\/\/www.faletech.net\/","logo":{"@type":"ImageObject","inLanguage":"fr-FR","@id":"https:\/\/www.faletech.net\/#\/schema\/logo\/image\/","url":"https:\/\/www.faletech.net\/wp-content\/uploads\/2024\/07\/Logo-fale-Tech--scaled-e1721586220118.jpg","contentUrl":"https:\/\/www.faletech.net\/wp-content\/uploads\/2024\/07\/Logo-fale-Tech--scaled-e1721586220118.jpg","width":153,"height":42,"caption":"Fale Tech"},"image":{"@id":"https:\/\/www.faletech.net\/#\/schema\/logo\/image\/"},"sameAs":["https:\/\/www.facebook.com\/profile.php?id=100090341144068"]}]}},"_links":{"self":[{"href":"https:\/\/www.faletech.net\/index.php?rest_route=\/wp\/v2\/pages\/7201","targetHints":{"allow":["GET"]}}],"collection":[{"href":"https:\/\/www.faletech.net\/index.php?rest_route=\/wp\/v2\/pages"}],"about":[{"href":"https:\/\/www.faletech.net\/index.php?rest_route=\/wp\/v2\/types\/page"}],"author":[{"embeddable":true,"href":"https:\/\/www.faletech.net\/index.php?rest_route=\/wp\/v2\/users\/1"}],"replies":[{"embeddable":true,"href":"https:\/\/www.faletech.net\/index.php?rest_route=%2Fwp%2Fv2%2Fcomments&post=7201"}],"version-history":[{"count":4,"href":"https:\/\/www.faletech.net\/index.php?rest_route=\/wp\/v2\/pages\/7201\/revisions"}],"predecessor-version":[{"id":7210,"href":"https:\/\/www.faletech.net\/index.php?rest_route=\/wp\/v2\/pages\/7201\/revisions\/7210"}],"wp:attachment":[{"href":"https:\/\/www.faletech.net\/index.php?rest_route=%2Fwp%2Fv2%2Fmedia&parent=7201"}],"curies":[{"name":"wp","href":"https:\/\/api.w.org\/{rel}","templated":true}]}}